{"id":3,"date":"2020-04-08T13:05:03","date_gmt":"2020-04-08T10:05:03","guid":{"rendered":"https:\/\/associationbeyond.eu\/?page_id=3"},"modified":"2024-04-01T16:49:11","modified_gmt":"2024-04-01T13:49:11","slug":"confidentialitate","status":"publish","type":"page","link":"https:\/\/associationbeyond.eu\/en\/confidentialitate\/","title":{"rendered":"Confidentialitate"},"content":{"rendered":"<p>Acest website foloseste cookie-uri pentru a furniza vizitatorilor o experien\u021b\u0103 mult mai bun\u0103 de navigare \u0219i servicii adaptate nevoilor \u0219i interesului fiec\u0103ruia.<\/p>\n<p>Cookie-urile ofer\u0103 de\u021bin\u0103torilor de site-uri un feedback valoros asupra modului cum sunt folosite site-urile lor de c\u0103tre utilizatori, astfel \u00eenc\u00e2t s\u0103 le poat\u0103 face mai eficiente \u0219i mai accesibile pentru ace\u0219tia; Permit aplica\u021biilor multimedia sau de un tip diferit de pe alte site-uri s\u0103 fie incluse \u00eentr-un anumit site pentru a crea o experien\u021b\u0103 de navigare mai valoroas\u0103, mai util\u0103 \u0219i mai pl\u0103cut\u0103; \u00cembun\u0103t\u0103\u021besc eficien\u021ba publicit\u0103\u021bii online.<\/p>\n<p><strong>Ce este un \u201ecookie\u201d?<\/strong><\/p>\n<p>Un \u201eInternet Cookie\u201d (termen cunoscut \u0219i ca \u201ebrowser cookie\u201d sau \u201eHTTP cookie\u201d ori, pur si simplu, \u201ecookie\u201d) este un fi\u0219ier de mici dimensiuni, format din litere \u0219i numere care va fi stocat pe computerul, terminalul mobil sau pe alte echipamente ale unui utilizator de pe care se acceseaz\u0103 internetul. Cookie-ul este instalat prin solicitarea emis\u0103 de c\u0103tre un web-server unui browser (de exemplu, Internet Explorer, Chrome) \u0219i este complet \u201epasiv\u201d (nu con\u021bine programe software, viru\u0219i sau spyware \u0219i nu poate accesa informa\u021biile de pe hard drive-ul utilizatorului).<\/p>\n<p>Un cookie este format din dou\u0103 p\u0103r\u021bi: numele \u0219i con\u021binutul (valoarea) cookie-ului. Mai mult, durata de existen\u021b\u0103 a unui cookie este determinat\u0103; tehnic, doar web-server-ul care a trimis cookie-ul \u00eel poate accesa din nou, \u00een momentul \u00een care un utilizator se \u00eentoarce pe web-site-ul asociat web-server-ului respectiv.<\/p>\n<p>Cookie-urile \u00een sine nu solicit\u0103 informa\u021bii cu caracter personal pentru a putea fi utilizate \u0219i, \u00een cele mai multe cazuri, nu identific\u0103 personal utilizatorii de internet.<\/p>\n<p>Cookie-uri de sesiune \u2013 acestea sunt stocate temporar \u00een dosarul de cookie-uri al browser-ului web pentru ca acesta s\u0103 le memoreze p\u00e2n\u0103 c\u00e2nd utilizatorul iese de pe web-site-ul respectiv sau \u00eenchide fereastra browser-ului (de exemplu, \u00een momentul log\u0103rii\/delogarii pe un cont de webmail sau pe re\u021belele de socializare);<\/p>\n<p>Cookie-uri permanente \u2013 acestea sunt stocate pe hard-drive-ul unui computer sau pe un echipament (\u0219i, \u00een general, depind de durata de via\u021b\u0103 prestabilit\u0103 pentru cookie).<\/p>\n<p><strong>Care sunt avantajele cookie-urilor?<\/strong><\/p>\n<p>Un cookie con\u021bine informa\u021bii care fac leg\u0103tura \u00eentre un web-browser (utilizatorul) \u0219i un web-server specific (web-site-ul). Dac\u0103 un browser acceseaz\u0103 acel web-server din nou, acesta poate citi informa\u021bia deja stocat\u0103 \u0219i poate reac\u021biona \u00een consecin\u021b\u0103. Cookie-urile asigur\u0103 utilizatorilor o experien\u021b\u0103 pl\u0103cut\u0103 de navigare \u0219i sus\u021bin eforturile multor web-site-uri de a oferi servicii confortabile utilizatorillor (preferin\u021be \u00een materie de confiden\u021bialitate online, op\u021biuni privind limba site-ului, co\u0219uri de cump\u0103r\u0103turi sau publicitate relevant\u0103).<\/p>\n<p><strong>Care este durata de via\u021b\u0103 a unui cookie?<\/strong><\/p>\n<p>Cookie-urile sunt administrate de web-servere. Durata de via\u021b\u0103 a unui cookie poate varia semnificativ, depinz\u00e2nd de scopul pentru care este plasat. Unele cookie-uri sunt folosite exclusiv pentru o singur\u0103 sesiune (session cookies) \u0219i nu mai sunt re\u021binute dup\u0103 ce utilizatorul a p\u0103r\u0103sit web-site-ul, iar alte cookie-uri sunt re\u021binute \u0219i refolosite de fiecare dat\u0103 c\u00e2nd utilizatorul revine pe acel web-site (cookie-uri permanente). Cu toate acestea, cookie-urile pot fi \u0219terse de utilizator \u00een orice moment prin intermediul set\u0103rilor browser-ului.<\/p>\n<p><strong>Cum sunt folosite cookie-urile de acest site?<\/strong><\/p>\n<p>O vizit\u0103 pe acest site poate plasa cookie-uri \u00een scopuri de:<\/p>\n<p>\u2013 Performan\u021b\u0103 a site-ului;<br \/>\n\u2013 Analiz\u0103 a vizitatorilor;<br \/>\n\u2013 \u00cenregistrare \u0219i autentificare utilizatori;<br \/>\n\u2013 Salvare a preferin\u021belor utilizatorului.<\/p>\n<p><strong>De ce sunt cookie-urile importante pentru Internet?<\/strong><\/p>\n<p>Cookie-urile reprezint\u0103 punctul central al func\u021bion\u0103rii eficiente a Internetului, ajut\u00e2nd la generarea unei experien\u021be de navigare prietenoase \u0219i adaptat\u0103 preferin\u021belor \u0219i intereselor fiec\u0103rui utilizator. Refuzarea sau dezactivarea cookie-urilor poate face unele site-uri imposibil de folosit.<\/p>\n<p>Refuzarea sau dezactivarea cookie-urilor nu \u00eenseamn\u0103 c\u0103 nu ve\u021bi mai primi publicitate online, ci doar c\u0103 aceasta nu va mai putea \u021bine cont de preferin\u021bele \u0219i interesele dvs, eviden\u021biate prin comportamentul de navigare.<\/p>\n<p>M\u0103surarea, optimizarea \u0219i caracteristicile de analytics \u2013 cum ar fi confirmarea unui anumit nivel de trafic pe un web-site, ce tip de con\u021binut este vizualizat \u0219i modul cum un utilizator ajunge pe un web-site (prin motoare de c\u0103utare, direct, din alte web-site-uri etc). Web-site-urile deruleaz\u0103 aceste analize de utilizare pentru a \u00eembun\u0103t\u0103\u021bi site-urile \u00een beneficiul utilizatorilor.<\/p>\n<p><strong>Securitate \u0219i probleme legate de confiden\u021bialitate<\/strong><\/p>\n<p>Cookie-urile NU sunt viru\u0219i. Acestea folosesc formate de tip plain text. Nu sunt alc\u0103tuite din buc\u0103\u021bi de cod, astfel \u00eenc\u00e2t nu pot fi executate \u0219i nici nu pot auto-rula. \u00cen consecin\u021b\u0103, nu se pot duplica sau replica pe alte re\u021bele pentru a se rula sau replica din nou. Deoarece nu pot \u00eendeplini aceste func\u021bii, nu pot fi considerate viru\u0219i.<\/p>\n<p>Cookie-urile pot fi totu\u0219i folosite pentru scopuri negative. Deoarece stocheaz\u0103 informa\u021bii despre preferin\u021bele \u0219i istoricul de navigare ale utilizatorilor at\u00e2t pe un site specific, c\u00e2t \u0219i pe alte siteuri, cookie-urile pot fi folosite ca o form\u0103 de spyware. Multe produse anti-spyware sunt con\u0219tiente de acest fapt \u0219i, \u00een mod constant, marcheaz\u0103 cookie-urile pentru a fi \u0219terse \u00een cadrul procedurilor de \u0219tergere\/scanare anti-virus\/anti-spyware.<\/p>\n<p>\u00cen general, browser-ele au integrate set\u0103ri de confiden\u021bialitate care furnizeaz\u0103 diferite nivele de acceptare a cookie-urilor, perioada de valabilitate \u0219i \u0219tergere automat\u0103 dup\u0103 ce utilizatorul a vizitat un anumit site.<\/p>\n<p><strong>Alte aspecte de securitate legate de cookie-uri<\/strong><\/p>\n<p>Deoarece protec\u021bia identit\u0103\u021bii este foarte valoroas\u0103 \u0219i reprezint\u0103 dreptul fiec\u0103rui utilizator de internet, este indicat s\u0103 se \u0219tie ce eventuale probleme pot crea cookie-urile. Pentru c\u0103 prin intermediul lor se transmit informa\u021bii \u00eentre browser \u0219i website, \u00een mod constant \u0219i \u00een ambele sensuri, dac\u0103 un atacator sau o persoan\u0103 neautorizat\u0103 intervine \u00een parcursul de transmitere a datelor, informa\u021biile con\u021binute de cookie-uri pot fi interceptate. De\u0219i \u00een practic\u0103 apare foarte rar, acest lucru se poate \u00eent\u00e2mpla dac\u0103 browserul se conecteaz\u0103 la server folosind o re\u021bea necriptat\u0103 (o re\u021bea WiFi nesecurizat\u0103).<\/p>\n<p>Alte atacuri bazate pe cookie-uri implic\u0103 set\u0103ri gre\u0219ite ale cookie-urilor pe servere. Dac\u0103 un website nu solicit\u0103 browserului s\u0103 foloseasc\u0103 doar canale criptate, atacatorii pot folosi aceast\u0103 vulnerabilitate pentru a p\u0103c\u0103li browserele \u00een a trimite informa\u021bii prin intermediul canalelor nesecurizate. Atacatorii utilizeaz\u0103 apoi informa\u021biile pentru a accesa neautorizat anumite site-uri. Este foarte important s\u0103 fii atent \u00een alegerea celei mai potrivite metodei de protec\u021bie a informa\u021biilor personale.<\/p>\n<p><strong>Sfaturi pentru o navigare sigur\u0103 \u0219i responsabil\u0103, bazat\u0103 pe cookie-uri<\/strong><\/p>\n<p>Datorit\u0103 flexibilit\u0103\u021bii lor \u0219i a faptului c\u0103 majoritatea celor mai vizitate \u0219i celor mai mari site-uri folosesc cookie-uri, acestea sunt aproape inevitabile. Dezactivarea cookie-urilor nu va permite accesul utilizatorului pe site-urile cele mai r\u0103sp\u00e2ndite \u0219i utilizate: YouTube, Gmail, Yahoo, Facebook \u0219i altele. Iat\u0103 c\u00e2teva sfaturi pe care dac\u0103 le aplica\u021bi, puteti fi sigur c\u0103 naviga\u021bi f\u0103r\u0103 griji, \u00eens\u0103 cu ajutorul cookie-urilor:<\/p>\n<p>Particulariza\u021bi set\u0103rile browserului \u00een ceea ce prive\u0219te cookie-urile conform nivelului dvs. de confort \u00een ceea ce prive\u0219te securitatea utiliz\u0103rii lor.<\/p>\n<p>Dac\u0103 nu v\u0103 deranjeaz\u0103 cookie-urile \u0219i sunte\u021bi singura persoan\u0103 care utilizeaz\u0103 computerul, pute\u021bi seta termene lungi de expirare pentru stocarea istoricului de navigare \u0219i al datelor personale de acces. \u00cens\u0103, dac\u0103 \u00eemp\u0103r\u021bi\u021bi accesul la calculator, pute\u021bi lua \u00een considerare setarea browserului pentru a \u0219terge datele individuale de navigare de fiecare dat\u0103 c\u00e2nd \u00eenchide\u021bi browserul. Aceasta este o variant\u0103 de a accesa site-urile care plaseaz\u0103 cookie-uri \u0219i de a \u0219terge orice informa\u021bie de vizitare la \u00eenchiderea sesiunii de navigare.<\/p>\n<p><strong>Instala\u021bi \u0219i actualiza\u021bi constant aplica\u021bii antispyware.<\/strong><\/p>\n<p>Multe dintre aplica\u021biile de detectare \u0219i prevenire a spyware-ului includ detectarea atacurilor pe site-uri. Astfel, acestea \u00eempiedic\u0103 browser-ul s\u0103 acceseze web-site-uri care ar putea s\u0103 exploateze vulnerabilit\u0103\u021bile browser-ului sau s\u0103 descarce software periculos. Asigura\u021bi-v\u0103 c\u0103 ave\u021bi browser-ul mereu updatat. Multe dintre atacurile bazate pe cookie-uri se realizeaz\u0103 exploat\u00e2nd punctele slabe ale versiunilor vechi ale browserelor.<\/p>\n<p>Cookie-urile sunt pretutindeni \u0219i nu pot fi evitate dac\u0103 dori\u021bi s\u0103 v\u0103 bucura\u021bi de acces pe cele mai bune \u0219i cele mai mari site-uri de pe Internet \u2013 locale sau interna\u021bionale. Cu o \u00een\u021belegere clar\u0103 a modului lor de operare \u0219i a beneficiilor pe care le aduc, pute\u021bi lua m\u0103surile necesare de securitate astfel \u00eenc\u00e2t s\u0103 naviga\u021bi cu \u00eencredere pe internet.<\/p>\n<p><strong>Cum pot fi oprite cookie-urile?<\/strong><\/p>\n<p>Dezactivarea \u0219i refuzul de a primi cookie-uri pot face anumite site-uri impracticabile sau dificil de vizitat \u0219i folosit.<\/p>\n<p>Este posibil\u0103 setarea din browser pentru ca aceste cookie-uri s\u0103 nu mai fie acceptate sau pute\u021bi seta browserul s\u0103 accepte cookie-uri de la un site anume. Dar, de exemplu, dac\u0103 nu sunte\u021bi \u00eenregistat folosind cookie-urile, nu ve\u021bi putea l\u0103sa comentarii.<\/p>\n<p>Toate browser-ele moderne ofer\u0103 posibilitatea de a schimba set\u0103rile cookie-urilor. Aceste set\u0103ri se g\u0103sesc de regul\u0103 \u00een \u201eop\u021biuni\u201d sau \u00een meniul de \u201epreferin\u021be\u201d al browser-ului dvs.<\/p>\n<p>Pentru a \u00een\u021belege aceste set\u0103ri, urm\u0103toarele linkuri pot fi folositoare. Pute\u021bi folosi op\u021biunea \u201eajutor\u201d a browser-ului pentru mai multe detalii.<\/p>\n<p><a href=\"https:\/\/support.microsoft.com\/en-us\/help\/17442\/windows-internet-explorer-delete-manage-cookies\">Cookie settings in Internet Explorer<\/a><br \/>\n<a href=\"https:\/\/support.mozilla.org\/en-US\/kb\/cookies-information-websites-store-on-your-computer\">Cookie settings in Firefox<\/a><br \/>\n<a href=\"https:\/\/support.google.com\/chrome\/answer\/95647?hl=ro\">Cookie settings in Chrome<\/a><br \/>\n<a href=\"https:\/\/support.apple.com\/en-us\/HT201265\">Cookie settings in Safari<\/a><\/p>\n<p>&nbsp;<\/p>\n<p>&nbsp;<\/p>","protected":false},"excerpt":{"rendered":"<p>Acest website foloseste cookie-uri pentru a furniza vizitatorilor o experien\u021b\u0103 mult mai bun\u0103 de navigare \u0219i servicii adaptate nevoilor \u0219i interesului fiec\u0103ruia. Cookie-urile ofer\u0103 de\u021bin\u0103torilor de site-uri un feedback valoros asupra modului cum sunt folosite site-urile lor de c\u0103tre utilizatori, astfel \u00eenc\u00e2t s\u0103 le poat\u0103 face mai eficiente \u0219i mai accesibile pentru ace\u0219tia; Permit aplica\u021biilor [&hellip;]<\/p>","protected":false},"author":1,"featured_media":0,"parent":0,"menu_order":0,"comment_status":"closed","ping_status":"closed","template":"","meta":{"_et_pb_use_builder":"","_et_pb_old_content":"","_et_gb_content_width":"","footnotes":""},"jetpack_sharing_enabled":true,"_links":{"self":[{"href":"https:\/\/associationbeyond.eu\/en\/wp-json\/wp\/v2\/pages\/3"}],"collection":[{"href":"https:\/\/associationbeyond.eu\/en\/wp-json\/wp\/v2\/pages"}],"about":[{"href":"https:\/\/associationbeyond.eu\/en\/wp-json\/wp\/v2\/types\/page"}],"author":[{"embeddable":true,"href":"https:\/\/associationbeyond.eu\/en\/wp-json\/wp\/v2\/users\/1"}],"replies":[{"embeddable":true,"href":"https:\/\/associationbeyond.eu\/en\/wp-json\/wp\/v2\/comments?post=3"}],"version-history":[{"count":4,"href":"https:\/\/associationbeyond.eu\/en\/wp-json\/wp\/v2\/pages\/3\/revisions"}],"predecessor-version":[{"id":4029,"href":"https:\/\/associationbeyond.eu\/en\/wp-json\/wp\/v2\/pages\/3\/revisions\/4029"}],"wp:attachment":[{"href":"https:\/\/associationbeyond.eu\/en\/wp-json\/wp\/v2\/media?parent=3"}],"curies":[{"name":"wp","href":"https:\/\/api.w.org\/{rel}","templated":true}]}}